{"id":2989,"date":"2021-11-29T16:11:34","date_gmt":"2021-11-29T21:11:34","guid":{"rendered":"https:\/\/glutadose.com\/product\/glutadose-bienestar\/"},"modified":"2025-05-28T07:15:31","modified_gmt":"2025-05-28T12:15:31","slug":"glutadose-bienestar-30","status":"publish","type":"product","link":"https:\/\/glutadose.com\/es\/producto\/glutadose-bienestar-30\/","title":{"rendered":"GlutaDose\u00ae Wellness &#8211; 30 dosis"},"content":{"rendered":"<p>Mezcla patentada de 780 mg de L-Glutati\u00f3n y Extracto de Fruta Acerola (Vitamina C); y 10 mg de Zinc: una combinaci\u00f3n de los antioxidantes m\u00e1s importantes y cl\u00ednicamente probados que se conocen; se ha demostrado que ayuda al sistema inmunitario a combatir las infecciones v\u00edricas o bacterianas y a reducir las molestias de los resfriados.<\/p>\n<ul>\n<li>L-Glutati\u00f3n, Vitamina C (como extracto de acerola) y Zinc<\/li>\n<li>Dosis l\u00edquidas de 10 ml (suministro para 30 d\u00edas \/ 30 viales por caja)<\/li>\n<li>Sabor c\u00edtrico<\/li>\n<li>Fabricado en EE.UU. en una instalaci\u00f3n que cumple las cGMP y la FDA<\/li>\n<\/ul>\n","protected":false},"excerpt":{"rendered":"<p>F\u00f3rmula l\u00edquida para fortalecer tu sistema inmunol\u00f3gico*<\/p>\n","protected":false},"featured_media":9330,"template":"","meta":{"_acf_changed":false},"product_brand":[],"product_cat":[265],"product_tag":[],"class_list":{"0":"post-2989","1":"product","2":"type-product","3":"status-publish","4":"has-post-thumbnail","6":"product_cat-bienestar","7":"has-subscription-plans","9":"first","10":"instock","11":"shipping-taxable","12":"purchasable","13":"product-type-simple"},"group_of_quantity":0,"min_quantity":0,"max_quantity":"","exclude_order_quantity_value_rules":"no","exclude_category_quantity_rules":"no","combine_variations":"no","acf":[],"yoast_head":"<!-- This site is optimized with the Yoast SEO plugin v27.0 - https:\/\/yoast.com\/product\/yoast-seo-wordpress\/ -->\n<title>GlutaDose\u00ae Wellness - 30 dosis &#8211; GlutaDose<\/title>\n<meta name=\"description\" content=\"Mezcla patentada de 700 mg de L-Glutati\u00f3n y Extracto de Fruta Acerola (Vitamina C); y 10 mg de Zinc - una combinaci\u00f3n de los antioxidantes m\u00e1s importantes y cl\u00ednicamente probados que se conocen; se ha demostrado que ayuda al sistema inmunitario a combatir las infecciones v\u00edricas o bacterianas, y a reducir las molestias de los resfriados.Mezcla patentada de 700 mg de L-Glutati\u00f3n y Extracto de Fruta Acerola (Vitamina C); y 10 mg de Zinc - una combinaci\u00f3n de los antioxidantes m\u00e1s importantes y cl\u00ednicamente probados que se conocen; se ha demostrado que ayuda al sistema inmunitario a combatir las infecciones v\u00edricas o bacterianas, y a reducir las molestias de los resfriados.\" \/>\n<meta name=\"robots\" content=\"index, follow, max-snippet:-1, max-image-preview:large, max-video-preview:-1\" \/>\n<link rel=\"canonical\" href=\"https:\/\/glutadose.com\/es\/producto\/glutadose-bienestar-30\/\" \/>\n<meta property=\"og:locale\" content=\"es_ES\" \/>\n<meta property=\"og:type\" content=\"article\" \/>\n<meta property=\"og:title\" content=\"GlutaDose\u00ae Wellness - 30 dosis &#8211; GlutaDose\" \/>\n<meta property=\"og:description\" content=\"Mezcla patentada de 700 mg de L-Glutati\u00f3n y Extracto de Fruta Acerola (Vitamina C); y 10 mg de Zinc - una combinaci\u00f3n de los antioxidantes m\u00e1s importantes y cl\u00ednicamente probados que se conocen; se ha demostrado que ayuda al sistema inmunitario a combatir las infecciones v\u00edricas o bacterianas, y a reducir las molestias de los resfriados.Mezcla patentada de 700 mg de L-Glutati\u00f3n y Extracto de Fruta Acerola (Vitamina C); y 10 mg de Zinc - una combinaci\u00f3n de los antioxidantes m\u00e1s importantes y cl\u00ednicamente probados que se conocen; se ha demostrado que ayuda al sistema inmunitario a combatir las infecciones v\u00edricas o bacterianas, y a reducir las molestias de los resfriados.\" \/>\n<meta property=\"og:url\" content=\"https:\/\/glutadose.com\/es\/producto\/glutadose-bienestar-30\/\" \/>\n<meta property=\"og:site_name\" content=\"GlutaDose\" \/>\n<meta property=\"article:publisher\" content=\"https:\/\/www.facebook.com\/glutadose\/\" \/>\n<meta property=\"article:modified_time\" content=\"2025-05-28T12:15:31+00:00\" \/>\n<meta property=\"og:image\" content=\"https:\/\/glutadose.com\/wp-content\/uploads\/2024\/10\/GlutaDose-Wellness-30X-white-1024x1024.png\" \/>\n\t<meta property=\"og:image:width\" content=\"1024\" \/>\n\t<meta property=\"og:image:height\" content=\"1024\" \/>\n\t<meta property=\"og:image:type\" content=\"image\/png\" \/>\n<meta name=\"twitter:card\" content=\"summary_large_image\" \/>\n<meta name=\"twitter:label1\" content=\"Tiempo de lectura\" \/>\n\t<meta name=\"twitter:data1\" content=\"1 minuto\" \/>\n<!-- \/ Yoast SEO plugin. -->","yoast_head_json":{"title":"GlutaDose\u00ae Wellness - 30 dosis &#8211; GlutaDose","description":"Mezcla patentada de 700 mg de L-Glutati\u00f3n y Extracto de Fruta Acerola (Vitamina C); y 10 mg de Zinc - una combinaci\u00f3n de los antioxidantes m\u00e1s importantes y cl\u00ednicamente probados que se conocen; se ha demostrado que ayuda al sistema inmunitario a combatir las infecciones v\u00edricas o bacterianas, y a reducir las molestias de los resfriados.Mezcla patentada de 700 mg de L-Glutati\u00f3n y Extracto de Fruta Acerola (Vitamina C); y 10 mg de Zinc - una combinaci\u00f3n de los antioxidantes m\u00e1s importantes y cl\u00ednicamente probados que se conocen; se ha demostrado que ayuda al sistema inmunitario a combatir las infecciones v\u00edricas o bacterianas, y a reducir las molestias de los resfriados.","robots":{"index":"index","follow":"follow","max-snippet":"max-snippet:-1","max-image-preview":"max-image-preview:large","max-video-preview":"max-video-preview:-1"},"canonical":"https:\/\/glutadose.com\/es\/producto\/glutadose-bienestar-30\/","og_locale":"es_ES","og_type":"article","og_title":"GlutaDose\u00ae Wellness - 30 dosis &#8211; GlutaDose","og_description":"Mezcla patentada de 700 mg de L-Glutati\u00f3n y Extracto de Fruta Acerola (Vitamina C); y 10 mg de Zinc - una combinaci\u00f3n de los antioxidantes m\u00e1s importantes y cl\u00ednicamente probados que se conocen; se ha demostrado que ayuda al sistema inmunitario a combatir las infecciones v\u00edricas o bacterianas, y a reducir las molestias de los resfriados.Mezcla patentada de 700 mg de L-Glutati\u00f3n y Extracto de Fruta Acerola (Vitamina C); y 10 mg de Zinc - una combinaci\u00f3n de los antioxidantes m\u00e1s importantes y cl\u00ednicamente probados que se conocen; se ha demostrado que ayuda al sistema inmunitario a combatir las infecciones v\u00edricas o bacterianas, y a reducir las molestias de los resfriados.","og_url":"https:\/\/glutadose.com\/es\/producto\/glutadose-bienestar-30\/","og_site_name":"GlutaDose","article_publisher":"https:\/\/www.facebook.com\/glutadose\/","article_modified_time":"2025-05-28T12:15:31+00:00","og_image":[{"width":1024,"height":1024,"url":"https:\/\/glutadose.com\/wp-content\/uploads\/2024\/10\/GlutaDose-Wellness-30X-white-1024x1024.png","type":"image\/png"}],"twitter_card":"summary_large_image","twitter_misc":{"Tiempo de lectura":"1 minuto"},"schema":{"@context":"https:\/\/schema.org","@graph":[{"@type":"WebPage","@id":"https:\/\/glutadose.com\/es\/producto\/glutadose-bienestar-30\/","url":"https:\/\/glutadose.com\/es\/producto\/glutadose-bienestar-30\/","name":"GlutaDose\u00ae Wellness - 30 dosis &#8211; GlutaDose","isPartOf":{"@id":"https:\/\/glutadose.com\/es\/#website"},"primaryImageOfPage":{"@id":"https:\/\/glutadose.com\/es\/producto\/glutadose-bienestar-30\/#primaryimage"},"image":{"@id":"https:\/\/glutadose.com\/es\/producto\/glutadose-bienestar-30\/#primaryimage"},"thumbnailUrl":"https:\/\/glutadose.com\/wp-content\/uploads\/2024\/10\/GlutaDose-Wellness-30X-white.png","datePublished":"2021-11-29T21:11:34+00:00","dateModified":"2025-05-28T12:15:31+00:00","description":"Mezcla patentada de 700 mg de L-Glutati\u00f3n y Extracto de Fruta Acerola (Vitamina C); y 10 mg de Zinc - una combinaci\u00f3n de los antioxidantes m\u00e1s importantes y cl\u00ednicamente probados que se conocen; se ha demostrado que ayuda al sistema inmunitario a combatir las infecciones v\u00edricas o bacterianas, y a reducir las molestias de los resfriados.Mezcla patentada de 700 mg de L-Glutati\u00f3n y Extracto de Fruta Acerola (Vitamina C); y 10 mg de Zinc - una combinaci\u00f3n de los antioxidantes m\u00e1s importantes y cl\u00ednicamente probados que se conocen; se ha demostrado que ayuda al sistema inmunitario a combatir las infecciones v\u00edricas o bacterianas, y a reducir las molestias de los resfriados.","breadcrumb":{"@id":"https:\/\/glutadose.com\/es\/producto\/glutadose-bienestar-30\/#breadcrumb"},"inLanguage":"es","potentialAction":[{"@type":"ReadAction","target":["https:\/\/glutadose.com\/es\/producto\/glutadose-bienestar-30\/"]}]},{"@type":"ImageObject","inLanguage":"es","@id":"https:\/\/glutadose.com\/es\/producto\/glutadose-bienestar-30\/#primaryimage","url":"https:\/\/glutadose.com\/wp-content\/uploads\/2024\/10\/GlutaDose-Wellness-30X-white.png","contentUrl":"https:\/\/glutadose.com\/wp-content\/uploads\/2024\/10\/GlutaDose-Wellness-30X-white.png","width":3617,"height":3617,"caption":"GlutaDose Bienestar 30X - blanco"},{"@type":"BreadcrumbList","@id":"https:\/\/glutadose.com\/es\/producto\/glutadose-bienestar-30\/#breadcrumb","itemListElement":[{"@type":"ListItem","position":1,"name":"Home","item":"https:\/\/glutadose.com\/es\/glutadose-wellness\/"},{"@type":"ListItem","position":2,"name":"Tienda","item":"https:\/\/glutadose.com\/es\/tienda\/"},{"@type":"ListItem","position":3,"name":"GlutaDose\u00ae Wellness &#8211; 30 dosis"}]},{"@type":"WebSite","@id":"https:\/\/glutadose.com\/es\/#website","url":"https:\/\/glutadose.com\/es\/","name":"GlutaDose","description":"Glutathione Supplement Drops","publisher":{"@id":"https:\/\/glutadose.com\/es\/#organization"},"potentialAction":[{"@type":"SearchAction","target":{"@type":"EntryPoint","urlTemplate":"https:\/\/glutadose.com\/es\/?s={search_term_string}"},"query-input":{"@type":"PropertyValueSpecification","valueRequired":true,"valueName":"search_term_string"}}],"inLanguage":"es"},{"@type":"Organization","@id":"https:\/\/glutadose.com\/es\/#organization","name":"GlutaDose","url":"https:\/\/glutadose.com\/es\/","logo":{"@type":"ImageObject","inLanguage":"es","@id":"https:\/\/glutadose.com\/es\/#\/schema\/logo\/image\/","url":"https:\/\/glutadose.com\/wp-content\/uploads\/2022\/02\/10-layers.svg","contentUrl":"https:\/\/glutadose.com\/wp-content\/uploads\/2022\/02\/10-layers.svg","width":226,"height":38,"caption":"GlutaDose"},"image":{"@id":"https:\/\/glutadose.com\/es\/#\/schema\/logo\/image\/"},"sameAs":["https:\/\/www.facebook.com\/glutadose\/","https:\/\/www.instagram.com\/realglutadose\/"]}]}},"_links":{"self":[{"href":"https:\/\/glutadose.com\/es\/wp-json\/wp\/v2\/product\/2989","targetHints":{"allow":["GET"]}}],"collection":[{"href":"https:\/\/glutadose.com\/es\/wp-json\/wp\/v2\/product"}],"about":[{"href":"https:\/\/glutadose.com\/es\/wp-json\/wp\/v2\/types\/product"}],"wp:featuredmedia":[{"embeddable":true,"href":"https:\/\/glutadose.com\/es\/wp-json\/wp\/v2\/media\/9330"}],"wp:attachment":[{"href":"https:\/\/glutadose.com\/es\/wp-json\/wp\/v2\/media?parent=2989"}],"wp:term":[{"taxonomy":"product_brand","embeddable":true,"href":"https:\/\/glutadose.com\/es\/wp-json\/wp\/v2\/product_brand?post=2989"},{"taxonomy":"product_cat","embeddable":true,"href":"https:\/\/glutadose.com\/es\/wp-json\/wp\/v2\/product_cat?post=2989"},{"taxonomy":"product_tag","embeddable":true,"href":"https:\/\/glutadose.com\/es\/wp-json\/wp\/v2\/product_tag?post=2989"}],"curies":[{"name":"wp","href":"https:\/\/api.w.org\/{rel}","templated":true}]}}