{"id":2976,"date":"2021-04-23T17:50:56","date_gmt":"2021-04-23T22:50:56","guid":{"rendered":"https:\/\/glutadose.com\/2976-2\/"},"modified":"2023-09-22T09:02:02","modified_gmt":"2023-09-22T14:02:02","slug":"privacy-policy","status":"publish","type":"page","link":"https:\/\/glutadose.com\/es\/privacy-policy\/","title":{"rendered":"Pol\u00edtica de privacidad"},"content":{"rendered":"\t\t<div data-elementor-type=\"wp-page\" data-elementor-id=\"2976\" class=\"elementor elementor-2976 elementor-3\" data-elementor-post-type=\"page\">\n\t\t\t\t\t\t<section class=\"elementor-section elementor-top-section elementor-element elementor-element-1d32fd03 elementor-section-boxed elementor-section-height-default elementor-section-height-default\" data-id=\"1d32fd03\" data-element_type=\"section\">\n\t\t\t\t\t\t<div class=\"elementor-container elementor-column-gap-default\">\n\t\t\t\t\t<div class=\"elementor-column elementor-col-100 elementor-top-column elementor-element elementor-element-155b8203\" data-id=\"155b8203\" data-element_type=\"column\">\n\t\t\t<div class=\"elementor-widget-wrap elementor-element-populated\">\n\t\t\t\t\t\t<div class=\"elementor-element elementor-element-42fbace6 elementor-widget elementor-widget-text-editor\" data-id=\"42fbace6\" data-element_type=\"widget\" data-widget_type=\"text-editor.default\">\n\t\t\t\t\t\t\t\t\t\n<h1 style=\"text-align: center;\"><span style=\"font-size: 100%;\"><strong>Pol\u00edtica de privacidad<\/strong><\/span><\/h1>\n<p>Esta es la Pol\u00edtica de privacidad de Nutradose Labs, LLC (&#8220;Nutradose&#8221;), y describe la forma en que usamos y protegemos la informaci\u00f3n que recopilamos de nuestro sitio web glutadose.com y otros sitios de Nutradose vinculados a este sitio web) (denominados colectivamente como el \u201cSitio\u201d) sobre clientes y usuarios.<br> <\/p>\n<p style=\"text-align: center;\"><strong>\u00bfQu\u00e9 informaci\u00f3n personal recopilamos?<\/strong> <\/p>\n<p style=\"text-align: left;\">Recopilamos informaci\u00f3n que usted proporciona cuando inicia sesi\u00f3n en su cuenta, participa en concursos, sorteos o promociones, realiza un pedido, se suscribe a boletines informativos, responde a encuestas, utiliza nuestros servicios de localizaci\u00f3n de tiendas u otras solicitudes de informaci\u00f3n. Cualquier dato que solicitemos que no sea requerido se especificar\u00e1 como voluntario u opcional. Informaci\u00f3n recibida en relaci\u00f3n con la prestaci\u00f3n de su servicio o el cumplimiento de su orden de compra. Cuando visita nuestro Sitio y solicita formularios, podemos recopilar cierta informaci\u00f3n autom\u00e1ticamente desde su dispositivo. Los datos que recopilamos pueden incluir informaci\u00f3n como su direcci\u00f3n IP, tipo de dispositivo, n\u00fameros de identificaci\u00f3n de dispositivo \u00fanicos, tipo de navegador y otra informaci\u00f3n t\u00e9cnica. Tambi\u00e9n podemos recopilar informaci\u00f3n sobre c\u00f3mo su dispositivo ha interactuado con nuestro Sitio o formulario de pedido, incluidas las p\u00e1ginas a las que accedi\u00f3 y los enlaces en los que hizo clic. Autorizamos, o podemos autorizar, a nuestros proveedores externos de confianza a recopilar dicha informaci\u00f3n.<\/p>\n<p style=\"text-align: left;\"><br>Puede evitar que ciertos tipos de cookies se descarguen en su computadora u otro dispositivo seleccionando la configuraci\u00f3n adecuada en su navegador web. Los navegadores web le dir\u00e1n c\u00f3mo dejar de aceptar nuevas cookies de navegador, c\u00f3mo recibir una notificaci\u00f3n cuando reciba una nueva cookie de navegador y c\u00f3mo deshabilitar las cookies existentes. Puede averiguar c\u00f3mo hacer esto para su navegador espec\u00edfico visitando www.allaboutcookies.org. Adem\u00e1s, la configuraci\u00f3n de su dispositivo m\u00f3vil puede permitirle prohibir que las plataformas de aplicaciones m\u00f3viles (como Apple y Google) compartan cierta informaci\u00f3n obtenida por medios automatizados con desarrolladores y operadores de aplicaciones como nosotros. Nuestros Servicios no est\u00e1n dise\u00f1ados para responder a las se\u00f1ales de &#8220;no rastrear&#8221; recibidas de los navegadores. Tenga en cuenta que sin las cookies u otras herramientas automatizadas que utilizamos para recopilar este tipo de datos, es posible que no pueda utilizar todas las funciones de nuestros Servicios.<br> <\/p>\n<p style=\"text-align: center;\"><strong>\u00bfPara qu\u00e9 utilizamos su informaci\u00f3n?<\/strong><\/p>\n<p style=\"text-align: left;\">Cualquiera de la informaci\u00f3n que recopilamos de usted puede usarse de una de las siguientes maneras:<br> <\/p>\n<ul style=\"list-style-type: circle;\">\n<li>Para mejorar el servicio al cliente (su informaci\u00f3n nos ayuda a responder de manera m\u00e1s efectiva a sus solicitudes de servicio al cliente y necesidades de soporte).<\/li>\n<li>Para personalizar y mejorar su experiencia de nuestros servicios, Sitio, productos y comunicaciones con usted.<\/li>\n<li>Para procesar transacciones.<\/li>\n<li>Para responder a su solicitud u otra correspondencia.<\/li>\n<li>Para enviarle correos electr\u00f3nicos que contengan informaci\u00f3n y actualizaciones relacionadas con su pedido o solicitud, notific\u00e1ndole sobre el retiro de cualquier producto, adem\u00e1s de recibir noticias ocasionales de la compa\u00f1\u00eda, actualizaciones, promociones o informaci\u00f3n relacionada con productos o servicios, etc. si se solicit\u00f3 dicha informaci\u00f3n. Para administrar y cumplir con una promoci\u00f3n de marketing, un concurso, un sorteo, una encuesta u otra caracter\u00edstica del sitio.<\/li>\n<\/ul>\n<p>Podemos compartir informaci\u00f3n con empresas, entidades e individuos de terceros de confianza para realizar funciones en nuestro nombre (es decir, empresas de procesamiento de tarjetas de cr\u00e9dito, cumplimiento y env\u00edo de pedidos, marketing y distribuci\u00f3n promocional); siempre que, sin embargo, estos terceros puedan acceder a su informaci\u00f3n personal solo de manera confidencial y solo en la medida necesaria para realizar sus funciones, y todos los proveedores externos deben cumplir con nuestra pol\u00edtica de privacidad.<br> <\/p>\n<p style=\"text-align: center;\"><strong>\u00bfC\u00f3mo mantenemos segura su informaci\u00f3n personal?<\/strong><\/p>\n<p> Implementamos una variedad de medidas de seguridad para mantener la seguridad de su informaci\u00f3n personal cuando env\u00eda una solicitud, realiza un pedido o accede a su informaci\u00f3n personal. Estas medidas de seguridad incluyen: directorios y bases de datos protegidos con contrase\u00f1a para salvaguardar su informaci\u00f3n o tecnolog\u00eda SSL (Secure Sockets Layer) para garantizar que su informaci\u00f3n est\u00e9 completamente encriptada y enviada a trav\u00e9s de Internet de forma segura. Si bien contamos con excelentes medidas de seguridad que cumplen o superan los est\u00e1ndares de la industria, ninguna transmisi\u00f3n de datos a trav\u00e9s de Internet es cien por ciento segura. Aunque nuestra m\u00e1xima prioridad es salvaguardar su informaci\u00f3n personal, no podemos garantizar la seguridad de la informaci\u00f3n que env\u00ede a nuestro Sitio.<br> <\/p>\n<p style=\"text-align: center;\"><strong>\u00bfDivulgamos alguna informaci\u00f3n a terceros?<\/strong><\/p>\n<p> No vendemos, intercambiamos ni transferimos a terceros su informaci\u00f3n de identificaci\u00f3n personal sin su consentimiento. Sin embargo, la informaci\u00f3n del visitante no identificable personalmente se puede proporcionar a otras partes para marketing, publicidad u otros usos. Podemos usar esta informaci\u00f3n para abordar problemas de integridad y seguridad de la red o para investigar, prevenir o tomar medidas con respecto a actividades ilegales o violaciones de nuestras otras pol\u00edticas.<br> <br>Divulgaremos informaci\u00f3n personal y\/o una direcci\u00f3n IP, cuando lo exija la ley o cuando creamos de buena fe que dicha acci\u00f3n es necesaria para: (1) cumplir con los edictos de la ley o con el proceso legal notificado a Nutradose;(2) ) proteger y defender los derechos o la propiedad de la red de sitios de Nutradose y propiedades relacionadas, o de los visitantes de la red de sitios de Nutradose y propiedades relacionadas; (3) identificar a las personas que pueden estar violando la ley, el aviso legal de Nutradose y el Acuerdo de usuario del sitio web, los derechos de terceros o haciendo un mal uso de la Red de Nutradose o sus propiedades relacionadas; y (4) cooperar con las investigaciones de supuestas actividades il\u00edcitas.<br> <br>Adem\u00e1s, podemos divulgar su informaci\u00f3n personal a nuestro grupo de empresas, incluidas aquellas que nos brindan servicios de procesamiento de datos.<br> <\/p>\n<p style=\"text-align: center;\"><strong>Pol\u00edtica de privacidad en l\u00ednea solamente<\/strong><\/p>\n<p> Esta Pol\u00edtica de privacidad se aplica solo a la informaci\u00f3n recopilada a trav\u00e9s de nuestro Sitio y no a la informaci\u00f3n recopilada fuera de l\u00ednea.<br> <\/p>\n<p style=\"text-align: center;\"><strong>Base legal para el procesamiento de informaci\u00f3n personal<\/strong><\/p>\n<p> Nuestra base legal para recopilar y utilizar la informaci\u00f3n personal que recopilamos de usted depende de la informaci\u00f3n en cuesti\u00f3n y del contexto en el que la recopilamos. En la mayor\u00eda de los casos, recopilamos informaci\u00f3n personal de usted donde: (1) necesitamos la informaci\u00f3n personal para realizar un contrato con usted, (2) el procesamiento es en nuestro inter\u00e9s leg\u00edtimo y no anulado por sus derechos, (3) tenemos su consentimiento para hacerlo, o (4) necesitamos la informaci\u00f3n personal para cumplir con nuestras obligaciones legales. Es posible que tengamos otros intereses leg\u00edtimos para recopilar su informaci\u00f3n personal y, si corresponde, le aclararemos dichos intereses en el momento pertinente.<br> <\/p>\n<p style=\"text-align: center;\"><strong>Sitios web de terceros<\/strong><\/p>\n<p> Algunos contenidos o aplicaciones en el Sitio son proporcionados por terceros, incluidos anunciantes, redes y servidores publicitarios, proveedores de contenido y proveedores de aplicaciones. Estos sitios web de terceros pueden usar cookies solas o junto con balizas web u otras tecnolog\u00edas de seguimiento para recopilar informaci\u00f3n sobre usted cuando usa nuestro sitio. La informaci\u00f3n que recopilan puede estar asociada con sus actividades en l\u00ednea a lo largo del tiempo y en diferentes sitios web y otros servicios en l\u00ednea, y estos sitios de terceros pueden tener pr\u00e1cticas de privacidad diferentes a las nuestras. Pueden usar esta informaci\u00f3n para brindarle publicidad basada en intereses (comportamiento) u otro contenido dirigido. Los visitantes deben consultar las pol\u00edticas de privacidad de los otros sitios, ya que no tenemos control sobre la informaci\u00f3n que estos terceros env\u00edan o recopilan. Cada sitio web de terceros es el \u00fanico responsable de sus propias pr\u00e1cticas de privacidad y del uso de la informaci\u00f3n de identificaci\u00f3n personal que recopila de usted. Nutradose no respalda ning\u00fan sitio web de terceros ni sus pr\u00e1cticas de privacidad.<br> <\/p>\n<p style=\"text-align: center;\"><strong>Ni\u00f1os menores de 18 a\u00f1os<\/strong><\/p>\n<p> Este Sitio no est\u00e1 dirigido a ni\u00f1os menores de 18 a\u00f1os ni recopila a sabiendas informaci\u00f3n personal de ellos. Si tiene menos de 18 a\u00f1os, solo puede usar este Sitio con la participaci\u00f3n de un padre o tutor.<br> <\/p>\n<p style=\"text-align: center;\"><strong>Tu consentimiento<\/strong><\/p>\n<p style=\"text-align: left;\">Al usar nuestro Sitio, usted acepta nuestra pol\u00edtica de privacidad.<br> <\/p>\n<p style=\"text-align: center;\"><strong>Sus derechos de protecci\u00f3n de datos<\/strong><\/p>\n<p style=\"text-align: left;\">Tiene los siguientes derechos de protecci\u00f3n de datos: (1) tiene derecho a excluirse de las comunicaciones de marketing que le enviamos en cualquier momento. Puede ejercer este derecho haciendo clic en el enlace &#8220;darse de baja&#8221; o &#8220;darse de baja&#8221; en los correos electr\u00f3nicos de marketing que le enviamos. En la medida en que participemos en otras formas de marketing, puede optar por no comunicarse con nosotros a la informaci\u00f3n que se proporciona a continuaci\u00f3n; y (2) si hemos recopilado su informaci\u00f3n personal con su consentimiento, puede retirar su consentimiento en cualquier momento. Retirar su consentimiento no afectar\u00e1 la legalidad de ning\u00fan procesamiento que hayamos realizado antes de su retiro, ni afectar\u00e1 el procesamiento de su informaci\u00f3n personal realizado con base en motivos de procesamiento legales distintos del consentimiento.<br> <\/p>\n<p style=\"text-align: center;\"><strong>C\u00f3mo ponerse en contacto con nosotros y darse de baja<\/strong><\/p>\n<p>Si tiene alguna pregunta o inquietud sobre esta Pol\u00edtica de privacidad o su implementaci\u00f3n, o si desea cancelar su suscripci\u00f3n, puede enviarnos un correo electr\u00f3nico a info@glutadose.com o contactarnos en 3811 NW 2nd Ave, Miami, FL 33127 o 1-844-888-5776.<br> <\/p>\n<p style=\"text-align: center;\"><strong>Cambios a Nuestra Pol\u00edtica de Privacidad<\/strong><\/p>\n<p>Podemos cambiar nuestra Pol\u00edtica de Privacidad en cualquier momento. Si decidimos cambiar nuestra Pol\u00edtica de privacidad, publicaremos esos cambios en esta p\u00e1gina. Los cambios de pol\u00edtica se aplicar\u00e1n solo a la informaci\u00f3n recopilada despu\u00e9s de la fecha del cambio.<br>Restricciones de Uso Territorial y Jurisdicci\u00f3n<\/p>\n<p><br>Estas p\u00e1ginas web son controladas y operadas por Nutradose en los Estados Unidos. Nutradose no garantiza que esta Pol\u00edtica de privacidad cumpla con las leyes aplicables fuera de los Estados Unidos. Quienes decidan acceder a estas p\u00e1ginas desde lugares fuera de los Estados Unidos lo hacen bajo su propia iniciativa y riesgo.<\/p>\n<p><br>Esta Pol\u00edtica de Privacidad y otras pol\u00edticas en este Sitio se regir\u00e1n e interpretar\u00e1n de acuerdo con las leyes del Estado de Florida. Todos los reclamos, disputas y juicios que surjan de esta Pol\u00edtica de privacidad o en relaci\u00f3n con ella se resolver\u00e1n o adjudicar\u00e1n en el condado de Miami-Dade, Florida.<\/p>\n\n<p> <\/p>\n\t\t\t\t\t\t\t\t<\/div>\n\t\t\t\t\t<\/div>\n\t\t<\/div>\n\t\t\t\t\t<\/div>\n\t\t<\/section>\n\t\t\t\t<\/div>\n\t\t","protected":false},"excerpt":{"rendered":"<p>Pol\u00edtica de privacidad Esta es la Pol\u00edtica de privacidad de Nutradose Labs, LLC (&#8220;Nutradose&#8221;), y describe la forma en que usamos y protegemos la informaci\u00f3n que recopilamos de nuestro sitio web glutadose.com y otros sitios de Nutradose vinculados a este sitio web) (denominados colectivamente como el \u201cSitio\u201d) sobre clientes y usuarios. \u00bfQu\u00e9 informaci\u00f3n personal recopilamos? [&hellip;]<\/p>\n","protected":false},"author":1,"featured_media":0,"parent":0,"menu_order":0,"comment_status":"closed","ping_status":"closed","template":"elementor_header_footer","meta":{"_acf_changed":false,"footnotes":""},"class_list":["post-2976","page","type-page","status-publish","hentry"],"acf":[],"yoast_head":"<!-- This site is optimized with the Yoast SEO plugin v27.4 - https:\/\/yoast.com\/product\/yoast-seo-wordpress\/ -->\n<title>Pol\u00edtica de privacidad &#8211; GlutaDose<\/title>\n<meta name=\"description\" content=\"Consulta la pol\u00edtica de privacidad de GlutaDose y ve la forma en que usamos y protegemos la informaci\u00f3n que recopilamos de ti. \u00a1Tu informaci\u00f3n est\u00e1 segura con nosotros!\" \/>\n<meta name=\"robots\" content=\"index, follow, max-snippet:-1, max-image-preview:large, max-video-preview:-1\" \/>\n<link rel=\"canonical\" href=\"https:\/\/glutadose.com\/es\/privacy-policy\/\" \/>\n<meta property=\"og:locale\" content=\"es_ES\" \/>\n<meta property=\"og:type\" content=\"article\" \/>\n<meta property=\"og:title\" content=\"Pol\u00edtica de privacidad &#8211; GlutaDose\" \/>\n<meta property=\"og:description\" content=\"Consulta la pol\u00edtica de privacidad de GlutaDose y ve la forma en que usamos y protegemos la informaci\u00f3n que recopilamos de ti. \u00a1Tu informaci\u00f3n est\u00e1 segura con nosotros!\" \/>\n<meta property=\"og:url\" content=\"https:\/\/glutadose.com\/es\/privacy-policy\/\" \/>\n<meta property=\"og:site_name\" content=\"GlutaDose\" \/>\n<meta property=\"article:publisher\" content=\"https:\/\/www.facebook.com\/glutadose\/\" \/>\n<meta property=\"article:modified_time\" content=\"2023-09-22T14:02:02+00:00\" \/>\n<meta property=\"og:image\" content=\"https:\/\/glutadose.com\/wp-content\/uploads\/2022\/02\/2-layers@2x-1-2.png\" \/>\n\t<meta property=\"og:image:width\" content=\"1500\" \/>\n\t<meta property=\"og:image:height\" content=\"1056\" \/>\n\t<meta property=\"og:image:type\" content=\"image\/png\" \/>\n<meta name=\"twitter:card\" content=\"summary_large_image\" \/>\n<meta name=\"twitter:label1\" content=\"Tiempo de lectura\" \/>\n\t<meta name=\"twitter:data1\" content=\"9 minutos\" \/>\n<!-- \/ Yoast SEO plugin. -->","yoast_head_json":{"title":"Pol\u00edtica de privacidad &#8211; GlutaDose","description":"Consulta la pol\u00edtica de privacidad de GlutaDose y ve la forma en que usamos y protegemos la informaci\u00f3n que recopilamos de ti. \u00a1Tu informaci\u00f3n est\u00e1 segura con nosotros!","robots":{"index":"index","follow":"follow","max-snippet":"max-snippet:-1","max-image-preview":"max-image-preview:large","max-video-preview":"max-video-preview:-1"},"canonical":"https:\/\/glutadose.com\/es\/privacy-policy\/","og_locale":"es_ES","og_type":"article","og_title":"Pol\u00edtica de privacidad &#8211; GlutaDose","og_description":"Consulta la pol\u00edtica de privacidad de GlutaDose y ve la forma en que usamos y protegemos la informaci\u00f3n que recopilamos de ti. \u00a1Tu informaci\u00f3n est\u00e1 segura con nosotros!","og_url":"https:\/\/glutadose.com\/es\/privacy-policy\/","og_site_name":"GlutaDose","article_publisher":"https:\/\/www.facebook.com\/glutadose\/","article_modified_time":"2023-09-22T14:02:02+00:00","og_image":[{"width":1500,"height":1056,"url":"https:\/\/glutadose.com\/wp-content\/uploads\/2022\/02\/2-layers@2x-1-2.png","type":"image\/png"}],"twitter_card":"summary_large_image","twitter_misc":{"Tiempo de lectura":"9 minutos"},"schema":{"@context":"https:\/\/schema.org","@graph":[{"@type":"WebPage","@id":"https:\/\/glutadose.com\/es\/privacy-policy\/","url":"https:\/\/glutadose.com\/es\/privacy-policy\/","name":"Pol\u00edtica de privacidad &#8211; GlutaDose","isPartOf":{"@id":"https:\/\/glutadose.com\/es\/#website"},"datePublished":"2021-04-23T22:50:56+00:00","dateModified":"2023-09-22T14:02:02+00:00","description":"Consulta la pol\u00edtica de privacidad de GlutaDose y ve la forma en que usamos y protegemos la informaci\u00f3n que recopilamos de ti. \u00a1Tu informaci\u00f3n est\u00e1 segura con nosotros!","breadcrumb":{"@id":"https:\/\/glutadose.com\/es\/privacy-policy\/#breadcrumb"},"inLanguage":"es","potentialAction":[{"@type":"ReadAction","target":["https:\/\/glutadose.com\/es\/privacy-policy\/"]}]},{"@type":"BreadcrumbList","@id":"https:\/\/glutadose.com\/es\/privacy-policy\/#breadcrumb","itemListElement":[{"@type":"ListItem","position":1,"name":"Home","item":"https:\/\/glutadose.com\/es\/glutadose-wellness\/"},{"@type":"ListItem","position":2,"name":"Pol\u00edtica de privacidad"}]},{"@type":"WebSite","@id":"https:\/\/glutadose.com\/es\/#website","url":"https:\/\/glutadose.com\/es\/","name":"GlutaDose","description":"Glutathione Supplement Drops","publisher":{"@id":"https:\/\/glutadose.com\/es\/#organization"},"potentialAction":[{"@type":"SearchAction","target":{"@type":"EntryPoint","urlTemplate":"https:\/\/glutadose.com\/es\/?s={search_term_string}"},"query-input":{"@type":"PropertyValueSpecification","valueRequired":true,"valueName":"search_term_string"}}],"inLanguage":"es"},{"@type":"Organization","@id":"https:\/\/glutadose.com\/es\/#organization","name":"GlutaDose","url":"https:\/\/glutadose.com\/es\/","logo":{"@type":"ImageObject","inLanguage":"es","@id":"https:\/\/glutadose.com\/es\/#\/schema\/logo\/image\/","url":"https:\/\/glutadose.com\/wp-content\/uploads\/2022\/02\/10-layers.svg","contentUrl":"https:\/\/glutadose.com\/wp-content\/uploads\/2022\/02\/10-layers.svg","width":226,"height":38,"caption":"GlutaDose"},"image":{"@id":"https:\/\/glutadose.com\/es\/#\/schema\/logo\/image\/"},"sameAs":["https:\/\/www.facebook.com\/glutadose\/","https:\/\/www.instagram.com\/realglutadose\/"]}]}},"_links":{"self":[{"href":"https:\/\/glutadose.com\/es\/wp-json\/wp\/v2\/pages\/2976","targetHints":{"allow":["GET"]}}],"collection":[{"href":"https:\/\/glutadose.com\/es\/wp-json\/wp\/v2\/pages"}],"about":[{"href":"https:\/\/glutadose.com\/es\/wp-json\/wp\/v2\/types\/page"}],"author":[{"embeddable":true,"href":"https:\/\/glutadose.com\/es\/wp-json\/wp\/v2\/users\/1"}],"replies":[{"embeddable":true,"href":"https:\/\/glutadose.com\/es\/wp-json\/wp\/v2\/comments?post=2976"}],"version-history":[{"count":0,"href":"https:\/\/glutadose.com\/es\/wp-json\/wp\/v2\/pages\/2976\/revisions"}],"wp:attachment":[{"href":"https:\/\/glutadose.com\/es\/wp-json\/wp\/v2\/media?parent=2976"}],"curies":[{"name":"wp","href":"https:\/\/api.w.org\/{rel}","templated":true}]}}