{"id":2971,"date":"2021-12-06T19:17:37","date_gmt":"2021-12-07T00:17:37","guid":{"rendered":"https:\/\/glutadose.com\/2971-2\/"},"modified":"2023-09-22T09:03:14","modified_gmt":"2023-09-22T14:03:14","slug":"shipping-and-returns","status":"publish","type":"page","link":"https:\/\/glutadose.com\/es\/shipping-and-returns\/","title":{"rendered":"Env\u00edos y Devoluciones"},"content":{"rendered":"\t\t<div data-elementor-type=\"wp-page\" data-elementor-id=\"2971\" class=\"elementor elementor-2971 elementor-413\" data-elementor-post-type=\"page\">\n\t\t\t\t\t\t<section class=\"elementor-section elementor-top-section elementor-element elementor-element-59827867 elementor-section-boxed elementor-section-height-default elementor-section-height-default\" data-id=\"59827867\" data-element_type=\"section\">\n\t\t\t\t\t\t<div class=\"elementor-container elementor-column-gap-default\">\n\t\t\t\t\t<div class=\"elementor-column elementor-col-100 elementor-top-column elementor-element elementor-element-7f983535\" data-id=\"7f983535\" data-element_type=\"column\">\n\t\t\t<div class=\"elementor-widget-wrap elementor-element-populated\">\n\t\t\t\t\t\t<div class=\"elementor-element elementor-element-c6ef90 elementor-widget elementor-widget-text-editor\" data-id=\"c6ef90\" data-element_type=\"widget\" data-widget_type=\"text-editor.default\">\n\t\t\t\t\t\t\t\t\t<h2>Devoluciones<\/h2><p>Tenga en cuenta que esta Pol\u00edtica de devoluciones solo se aplica a los productos comprados en\u00a0<strong>glutadose.com<\/strong>\u00a0 y no de otros sitios web o tiendas minoristas. Los clientes deben consultar la pol\u00edtica de devoluci\u00f3n del lugar de compra original.<\/p><p>Si no est\u00e1 satisfecho con alg\u00fan art\u00edculo que haya comprado a trav\u00e9s de glutadose.com, puede devolverlo (ya sea abierto o sin abrir) dentro de los 30 d\u00edas a partir de la fecha de compra para obtener un reembolso completo. Recibir\u00e1 el reembolso en la forma de pago original dentro de los cinco d\u00edas h\u00e1biles posteriores a la recepci\u00f3n de los art\u00edculos.<\/p><p>Si compraste un producto en glutadose.com, devolverlo es bastante simple.\u00a0<\/p><p>Hacer clic\u00a0 <strong><a href=\"https:\/\/track.shipstation.com\/f\/r\/m\/9JUd2kl6LqdNiidI%2Bs%2B4FMyqS%2B9KWpWtIzGS2ajL%2Fdk%3D\" target=\"_blank\" rel=\"noopener\">aqu\u00ed<\/a><\/strong>\u00a0 para obtener una etiqueta de env\u00edo prepaga (necesitar\u00e1 el n\u00famero de pedido y el c\u00f3digo postal de la direcci\u00f3n de env\u00edo)<\/p><p>O, si lo prefiere, puede seguir los tres pasos a continuaci\u00f3n, \u00a1y listo!<\/p><ul><li>Cont\u00e1ctanos en\u00a0 <strong>returns@glutadose.com<\/strong>\u00a0 para solicitar una etiqueta de env\u00edo.<\/li><\/ul><ul><li>Empaque el art\u00edculo de forma segura en el paquete original, si es posible.<\/li><\/ul><ul><li>Pegue la etiqueta a su producto y d\u00e9jelo en la oficina de correos m\u00e1s cercana<\/li><\/ul><h2>Transporte<\/h2><p>Al finalizar la compra, se le pedir\u00e1 que elija un m\u00e9todo de env\u00edo para su(s) art\u00edculo(s). Los costos de env\u00edo dependen de los art\u00edculos en su pedido y el m\u00e9todo de env\u00edo que seleccione. Sus cargos totales de env\u00edo se calcular\u00e1n autom\u00e1ticamente durante el proceso de pago antes de completar su pedido. Por ejemplo, si realiza env\u00edos dentro de los Estados Unidos, tendr\u00e1 la opci\u00f3n de actualizar su m\u00e9todo de env\u00edo para una entrega m\u00e1s r\u00e1pida (env\u00edo de 5 a 7 d\u00edas, de 3 d\u00edas o de 2 d\u00edas).<\/p><p>Si elige actualizar su m\u00e9todo de env\u00edo, su pedido debe recibirse antes de las 3:00 p. m. EST o es posible que su pedido no se procese hasta el siguiente d\u00eda h\u00e1bil. Los d\u00edas h\u00e1biles son de lunes a viernes, excepto los feriados observados dentro de los Estados Unidos.<\/p><p>Ofrecemos las siguientes opciones de env\u00edo:<\/p><p><strong>5-7 d\u00edas de env\u00edo<\/strong><\/p><ul><li>Gratis para todos los que tengan una direcci\u00f3n de env\u00edo en los 48 estados continentales inferiores.<\/li><\/ul><ul><li>Opci\u00f3n de env\u00edo disponible para Alaska y Haw\u00e1i por una tarifa.<\/li><\/ul><p><strong>Env\u00edo de 3 d\u00edas<\/strong><\/p><ul><li>El costo se calcula en funci\u00f3n del n\u00famero de art\u00edculos pedidos y la direcci\u00f3n de env\u00edo.<\/li><\/ul><p><strong>Env\u00edo de 2 d\u00edas<\/strong><\/p><ul><li>El costo se calcula en funci\u00f3n del n\u00famero de art\u00edculos pedidos y la direcci\u00f3n de env\u00edo.<\/li><\/ul><p>Tenga en cuenta que el env\u00edo de 5 a 7, 3 y 2 d\u00edas se refiere al tiempo de tr\u00e1nsito una vez que el producto sale de nuestro almac\u00e9n. Adem\u00e1s, puede tomar de 1 a 2 d\u00edas h\u00e1biles para procesar su pedido.<\/p><h2>\u00bfNecesitas ayuda?<\/h2><p><strong>Si tiene alguna pregunta o necesita ayuda, no dude en ponerse en contacto con nosotros en <u>info@glutadose.com<\/u> o llame al (844) 888-5776<\/strong><\/p>\t\t\t\t\t\t\t\t<\/div>\n\t\t\t\t<div class=\"elementor-element elementor-element-3d29ea6 elementor-widget elementor-widget-spacer\" data-id=\"3d29ea6\" data-element_type=\"widget\" data-widget_type=\"spacer.default\">\n\t\t\t\t\t\t\t<div class=\"elementor-spacer\">\n\t\t\t<div class=\"elementor-spacer-inner\"><\/div>\n\t\t<\/div>\n\t\t\t\t\t\t<\/div>\n\t\t\t\t\t<\/div>\n\t\t<\/div>\n\t\t\t\t\t<\/div>\n\t\t<\/section>\n\t\t\t\t<\/div>\n\t\t","protected":false},"excerpt":{"rendered":"<p>Devoluciones Tenga en cuenta que esta Pol\u00edtica de devoluciones solo se aplica a los productos comprados en\u00a0glutadose.com\u00a0 y no de otros sitios web o tiendas minoristas. Los clientes deben consultar la pol\u00edtica de devoluci\u00f3n del lugar de compra original. Si no est\u00e1 satisfecho con alg\u00fan art\u00edculo que haya comprado a trav\u00e9s de glutadose.com, puede devolverlo [&hellip;]<\/p>\n","protected":false},"author":1,"featured_media":0,"parent":0,"menu_order":0,"comment_status":"closed","ping_status":"closed","template":"elementor_header_footer","meta":{"_acf_changed":false,"footnotes":""},"class_list":["post-2971","page","type-page","status-publish","hentry"],"acf":[],"yoast_head":"<!-- This site is optimized with the Yoast SEO plugin v27.0 - https:\/\/yoast.com\/product\/yoast-seo-wordpress\/ -->\n<title>Env\u00edos y Devoluciones &#8211; GlutaDose<\/title>\n<meta name=\"description\" content=\"\u00bfNo estas satisfecho con tu pedido de GlutaDose? Ofrecemos una garant\u00eda de devoluci\u00f3n del 100% del dinero dentro de los 30 d\u00edas posteriores a la entrega de cualquier producto. Pru\u00e9balo, si no estas satisfecho, te reembolsaremos tu compra.\" \/>\n<meta name=\"robots\" content=\"index, follow, max-snippet:-1, max-image-preview:large, max-video-preview:-1\" \/>\n<link rel=\"canonical\" href=\"https:\/\/glutadose.com\/es\/shipping-and-returns\/\" \/>\n<meta property=\"og:locale\" content=\"es_ES\" \/>\n<meta property=\"og:type\" content=\"article\" \/>\n<meta property=\"og:title\" content=\"Env\u00edos y Devoluciones &#8211; GlutaDose\" \/>\n<meta property=\"og:description\" content=\"\u00bfNo estas satisfecho con tu pedido de GlutaDose? Ofrecemos una garant\u00eda de devoluci\u00f3n del 100% del dinero dentro de los 30 d\u00edas posteriores a la entrega de cualquier producto. Pru\u00e9balo, si no estas satisfecho, te reembolsaremos tu compra.\" \/>\n<meta property=\"og:url\" content=\"https:\/\/glutadose.com\/es\/shipping-and-returns\/\" \/>\n<meta property=\"og:site_name\" content=\"GlutaDose\" \/>\n<meta property=\"article:publisher\" content=\"https:\/\/www.facebook.com\/glutadose\/\" \/>\n<meta property=\"article:modified_time\" content=\"2023-09-22T14:03:14+00:00\" \/>\n<meta property=\"og:image\" content=\"https:\/\/glutadose.com\/wp-content\/uploads\/2022\/02\/2-layers@2x-1-2.png\" \/>\n\t<meta property=\"og:image:width\" content=\"1500\" \/>\n\t<meta property=\"og:image:height\" content=\"1056\" \/>\n\t<meta property=\"og:image:type\" content=\"image\/png\" \/>\n<meta name=\"twitter:card\" content=\"summary_large_image\" \/>\n<meta name=\"twitter:label1\" content=\"Tiempo de lectura\" \/>\n\t<meta name=\"twitter:data1\" content=\"3 minutos\" \/>\n<!-- \/ Yoast SEO plugin. -->","yoast_head_json":{"title":"Env\u00edos y Devoluciones &#8211; GlutaDose","description":"\u00bfNo estas satisfecho con tu pedido de GlutaDose? Ofrecemos una garant\u00eda de devoluci\u00f3n del 100% del dinero dentro de los 30 d\u00edas posteriores a la entrega de cualquier producto. Pru\u00e9balo, si no estas satisfecho, te reembolsaremos tu compra.","robots":{"index":"index","follow":"follow","max-snippet":"max-snippet:-1","max-image-preview":"max-image-preview:large","max-video-preview":"max-video-preview:-1"},"canonical":"https:\/\/glutadose.com\/es\/shipping-and-returns\/","og_locale":"es_ES","og_type":"article","og_title":"Env\u00edos y Devoluciones &#8211; GlutaDose","og_description":"\u00bfNo estas satisfecho con tu pedido de GlutaDose? Ofrecemos una garant\u00eda de devoluci\u00f3n del 100% del dinero dentro de los 30 d\u00edas posteriores a la entrega de cualquier producto. Pru\u00e9balo, si no estas satisfecho, te reembolsaremos tu compra.","og_url":"https:\/\/glutadose.com\/es\/shipping-and-returns\/","og_site_name":"GlutaDose","article_publisher":"https:\/\/www.facebook.com\/glutadose\/","article_modified_time":"2023-09-22T14:03:14+00:00","og_image":[{"width":1500,"height":1056,"url":"https:\/\/glutadose.com\/wp-content\/uploads\/2022\/02\/2-layers@2x-1-2.png","type":"image\/png"}],"twitter_card":"summary_large_image","twitter_misc":{"Tiempo de lectura":"3 minutos"},"schema":{"@context":"https:\/\/schema.org","@graph":[{"@type":"WebPage","@id":"https:\/\/glutadose.com\/es\/shipping-and-returns\/","url":"https:\/\/glutadose.com\/es\/shipping-and-returns\/","name":"Env\u00edos y Devoluciones &#8211; GlutaDose","isPartOf":{"@id":"https:\/\/glutadose.com\/es\/#website"},"datePublished":"2021-12-07T00:17:37+00:00","dateModified":"2023-09-22T14:03:14+00:00","description":"\u00bfNo estas satisfecho con tu pedido de GlutaDose? Ofrecemos una garant\u00eda de devoluci\u00f3n del 100% del dinero dentro de los 30 d\u00edas posteriores a la entrega de cualquier producto. Pru\u00e9balo, si no estas satisfecho, te reembolsaremos tu compra.","breadcrumb":{"@id":"https:\/\/glutadose.com\/es\/shipping-and-returns\/#breadcrumb"},"inLanguage":"es","potentialAction":[{"@type":"ReadAction","target":["https:\/\/glutadose.com\/es\/shipping-and-returns\/"]}]},{"@type":"BreadcrumbList","@id":"https:\/\/glutadose.com\/es\/shipping-and-returns\/#breadcrumb","itemListElement":[{"@type":"ListItem","position":1,"name":"Home","item":"https:\/\/glutadose.com\/es\/glutadose-wellness\/"},{"@type":"ListItem","position":2,"name":"Env\u00edos y Devoluciones"}]},{"@type":"WebSite","@id":"https:\/\/glutadose.com\/es\/#website","url":"https:\/\/glutadose.com\/es\/","name":"GlutaDose","description":"Glutathione Supplement Drops","publisher":{"@id":"https:\/\/glutadose.com\/es\/#organization"},"potentialAction":[{"@type":"SearchAction","target":{"@type":"EntryPoint","urlTemplate":"https:\/\/glutadose.com\/es\/?s={search_term_string}"},"query-input":{"@type":"PropertyValueSpecification","valueRequired":true,"valueName":"search_term_string"}}],"inLanguage":"es"},{"@type":"Organization","@id":"https:\/\/glutadose.com\/es\/#organization","name":"GlutaDose","url":"https:\/\/glutadose.com\/es\/","logo":{"@type":"ImageObject","inLanguage":"es","@id":"https:\/\/glutadose.com\/es\/#\/schema\/logo\/image\/","url":"https:\/\/glutadose.com\/wp-content\/uploads\/2022\/02\/10-layers.svg","contentUrl":"https:\/\/glutadose.com\/wp-content\/uploads\/2022\/02\/10-layers.svg","width":226,"height":38,"caption":"GlutaDose"},"image":{"@id":"https:\/\/glutadose.com\/es\/#\/schema\/logo\/image\/"},"sameAs":["https:\/\/www.facebook.com\/glutadose\/","https:\/\/www.instagram.com\/realglutadose\/"]}]}},"_links":{"self":[{"href":"https:\/\/glutadose.com\/es\/wp-json\/wp\/v2\/pages\/2971","targetHints":{"allow":["GET"]}}],"collection":[{"href":"https:\/\/glutadose.com\/es\/wp-json\/wp\/v2\/pages"}],"about":[{"href":"https:\/\/glutadose.com\/es\/wp-json\/wp\/v2\/types\/page"}],"author":[{"embeddable":true,"href":"https:\/\/glutadose.com\/es\/wp-json\/wp\/v2\/users\/1"}],"replies":[{"embeddable":true,"href":"https:\/\/glutadose.com\/es\/wp-json\/wp\/v2\/comments?post=2971"}],"version-history":[{"count":0,"href":"https:\/\/glutadose.com\/es\/wp-json\/wp\/v2\/pages\/2971\/revisions"}],"wp:attachment":[{"href":"https:\/\/glutadose.com\/es\/wp-json\/wp\/v2\/media?parent=2971"}],"curies":[{"name":"wp","href":"https:\/\/api.w.org\/{rel}","templated":true}]}}