{"id":2970,"date":"2021-08-16T19:34:23","date_gmt":"2021-08-17T00:34:23","guid":{"rendered":"https:\/\/glutadose.com\/2970-2\/"},"modified":"2023-09-22T09:02:47","modified_gmt":"2023-09-22T14:02:47","slug":"terms-of-use","status":"publish","type":"page","link":"https:\/\/glutadose.com\/es\/terms-of-use\/","title":{"rendered":"T\u00e9rminos de Uso"},"content":{"rendered":"\t\t<div data-elementor-type=\"wp-page\" data-elementor-id=\"2970\" class=\"elementor elementor-2970 elementor-329\" data-elementor-post-type=\"page\">\n\t\t\t\t\t\t<section class=\"elementor-section elementor-top-section elementor-element elementor-element-699b01f elementor-section-boxed elementor-section-height-default elementor-section-height-default\" data-id=\"699b01f\" data-element_type=\"section\">\n\t\t\t\t\t\t<div class=\"elementor-container elementor-column-gap-default\">\n\t\t\t\t\t<div class=\"elementor-column elementor-col-100 elementor-top-column elementor-element elementor-element-5d1f0c82\" data-id=\"5d1f0c82\" data-element_type=\"column\">\n\t\t\t<div class=\"elementor-widget-wrap elementor-element-populated\">\n\t\t\t\t\t\t<div class=\"elementor-element elementor-element-15be6646 elementor-widget elementor-widget-text-editor\" data-id=\"15be6646\" data-element_type=\"widget\" data-widget_type=\"text-editor.default\">\n\t\t\t\t\t\t\t\t\t<p><\/p>\n<h2 style=\"text-align: center;\"><strong style=\"color: inherit; font-family: inherit; font-size: 2rem;\">T\u00e9rminos y condiciones<\/strong><\/h2>\n<p> <\/p>\n<p>Bienvenido a glutadose.com. Este sitio es propiedad y est\u00e1 operado por Nutradose Labs, LLC (&#8220;Nutradose&#8221;), una compa\u00f1\u00eda de responsabilidad limitada de Florida. Este sitio (incluidos los sitios Nutradose relacionados vinculados al sitio) (colectivamente, el &#8220;Sitio&#8221;) es para su uso e informaci\u00f3n personal. Por favor, si\u00e9ntase libre de navegar por el sitio; sin embargo, al usar el Sitio, usted acepta cumplir con los t\u00e9rminos y condiciones de uso (&#8220;T\u00e9rminos y condiciones&#8221;) establecidos en este aviso. Si no acepta cumplir con estos T\u00e9rminos y condiciones, no use este Sitio. se reserva el derecho de modificar estos T\u00e9rminos y Condiciones en cualquier momento sin previo aviso. Se le recomienda revisar estos T\u00e9rminos y Condiciones de vez en cuando para cualquier cambio o actualizaci\u00f3n. Si viola estos T\u00e9rminos y condiciones o cualquier otro derecho de Nutradose, nos reservamos el derecho de buscar todos y cada uno de los recursos legales y equitativos contra usted, que incluyen, entre otros, cancelar todos y cada uno de los accesos o cuentas de usuario en todos y cada uno de los Sitios web de Nutradose. Gracias por tomarse el tiempo de leer estos T\u00e9rminos y condiciones y esperamos que disfrute de su experiencia en glutadose.com.<\/p>\n<p style=\"text-align: center;\"><strong>Concesi\u00f3n de la licencia<\/strong><\/p>\n<p style=\"text-align: left;\"> <\/p>\n<p>Se le otorga una licencia no exclusiva, revocable y limitada para acceder y utilizar este Sitio y su contenido de acuerdo con estos T\u00e9rminos y condiciones. No se le otorgan derechos adicionales por implicaci\u00f3n, impedimento o de otra manera.<\/p>\n<p style=\"text-align: center;\"><strong>No es un consejo m\u00e9dico o de atenci\u00f3n m\u00e9dica<\/strong><\/p>\n<p style=\"text-align: left;\"> <\/p>\n<p>EL CONTENIDO INCLUIDO O PUESTO A DISPOSICI\u00d3N A TRAV\u00c9S DEL SITIO ISOR HEALTHCARE ASESORAMIENTO, TAMPOCO PUEDE CONFIARSE EN ELLO COMO PREVENTIVO NO PRETENDE PROPORCIONAR, Y NO CONSTITUYE, ATENCI\u00d3N M\u00c9DICA, CURA O TRATAMIENTO PARA CUALQUIER ENFERMEDAD O CONDICI\u00d3N M\u00c9DICA. DEBE CONSULTAR A UN PROFESIONAL DE LA SALUD CALIFICADO PARA OBTENER ASESORAMIENTO SOBRE EL DIAGN\u00d3STICO Y EL TRATAMIENTO DE CUALQUIER CONDICI\u00d3N M\u00c9DICA Y ANTES DE COMENZAR CUALQUIER PROGRAMA DE VITAMINAS, HERBALES O SUPLEMENTOS DIET\u00c9TICOS, NUTRICIONALES, DE EJERCICIOS U OTRO PROGRAMA DE MEDICAMENTOS. SU USO DE LA INFORMACI\u00d3N DISPONIBLE EN O A TRAV\u00c9S DE ESTE SITIO ES SU PROPIA RESPONSABILIDAD Y PROPIO RIESGO.<\/p>\n<p style=\"text-align: center;\"><span style=\"font-size: 100%;\"><strong>Exenciones de responsabilidad y limitaciones de responsabilidad<\/strong><\/span><\/p>\n<p>El uso de este Sitio y su contenido es bajo su propio riesgo. Al usar glutadose.com, la informaci\u00f3n se transmite de formas que escapan al control de glutadose.com. No garantizamos que este sitio sea ininterrumpido o libre de errores. Puede haber retrasos, omisiones, interrupciones e inexactitudes en las noticias, informaci\u00f3n u otros materiales o contenidos disponibles a trav\u00e9s de este sitio. No somos responsables de la disponibilidad o el contenido de otros servicios que puedan estar vinculados a este Sitio. No hacemos ninguna representaci\u00f3n ni respaldamos la precisi\u00f3n, integridad, oportunidad o confiabilidad de ning\u00fan consejo, opini\u00f3n, declaraci\u00f3n u otro material o base de datos que se muestre, cargue o distribuya en este Sitio o est\u00e9 disponible a trav\u00e9s de enlaces en este Sitio. Nos reservamos el derecho de corregir cualquier error u omisi\u00f3n en este Sitio. Aunque tenemos la intenci\u00f3n de tomar medidas razonables para evitar la introducci\u00f3n de virus u otros materiales destructivos en este Sitio, no garantizamos que este Sitio o los materiales que se pueden descargar de este Sitio no contengan tales caracter\u00edsticas destructivas. No somos responsables de ning\u00fan da\u00f1o o perjuicio atribuible a tales funciones. Si conf\u00eda en este sitio y en cualquier material disponible a trav\u00e9s de este Sitio, lo hace \u00fanicamente bajo su propio riesgo.<\/p>\n<p>En la m\u00e1xima medida permitida por la ley, Nutradose renuncia a todas las garant\u00edas, expresas o impl\u00edcitas, incluidas, entre otras, garant\u00edas impl\u00edcitas de comerciabilidad, no infracci\u00f3n e idoneidad para un prop\u00f3sito particular con respecto a este Sitio o cualquier informaci\u00f3n o bienes que est\u00e9n disponibles. o anunciado o vendido a trav\u00e9s de este Sitio. Nutradose no ser\u00e1 responsable de ning\u00fan da\u00f1o de ning\u00fan tipo que surja del uso de este Sitio, incluidos, entre otros, da\u00f1os directos, indirectos, incidentales, punitivos o consecuentes.<\/p>\n<p>Ciertas leyes estatales no permiten limitaciones en las garant\u00edas impl\u00edcitas o la exclusi\u00f3n o limitaci\u00f3n de ciertos da\u00f1os. Si dichas leyes se aplican a usted, es posible que algunas o todas las exenciones de responsabilidad, exclusiones o limitaciones anteriores no se apliquen a usted, y es posible que tenga derechos adicionales.<\/p>\n<p style=\"text-align: center;\"><span style=\"font-size: 100%;\"><strong>Anuncios y sitios web de terceros<\/strong><\/span><\/p>\n<p>Este Sitio puede contener enlaces a anuncios y sitios web de terceros que creemos que pueden ser de inter\u00e9s para nuestros visitantes. Aunque tratamos de elegir los sitios que le ser\u00e1n \u00fatiles, no somos responsables del contenido, la calidad, la seguridad, la disponibilidad, la integridad, la precisi\u00f3n, las pol\u00edticas de privacidad o cualquier otra pr\u00e1ctica y pol\u00edtica de dichos sitios. Cada sitio web de terceros es responsable de la correcci\u00f3n, integridad y precisi\u00f3n de su propio sitio web. Proporcionamos estos enlaces simplemente para su comodidad. Esta comodidad no debe considerarse una aprobaci\u00f3n por nuestra parte de estos sitios web o de las empresas que los poseen. Nutradose no es responsable de la detecci\u00f3n de sitios web de terceros y no tiene ninguna responsabilidad por el desempe\u00f1o o la falta de desempe\u00f1o de dicha detecci\u00f3n. Cuando hace clic en uno de los enlaces provistos, es posible que est\u00e9 saliendo de glutadose.com para ingresar a otro sitio en la Web.<\/p>\n<p style=\"text-align: center;\"><strong>Propiedad intelectual<\/strong><\/p>\n<p style=\"text-align: left;\"> <\/p>\n<p>Todas las marcas comerciales, texto, logotipos, gr\u00e1ficos, im\u00e1genes, dise\u00f1os y otros contenidos (&#8220;Contenido&#8221;) en este Sitio son propiedad de Nutradose y sus suscriptores, socios o proveedores de contenido, a menos que se indique lo contrario, y est\u00e1n o pueden estar sujetos a la protecci\u00f3n de las leyes de derechos de autor y marcas registradas de EE. UU. y los tratados internacionales, todos los derechos reservados. Ning\u00fan Contenido puede ser copiado, reproducido, republicado, cargado, publicado, transmitido o distribuido de ninguna manera o desensamblado o sometido a ingenier\u00eda inversa, excepto con el permiso previo por escrito y con atribuci\u00f3n expresa a Nutradose o como se indique de otro modo en nuestro Sitio.<\/p>\n<p>Somos due\u00f1os de todos los derechos, t\u00edtulos e intereses sobre cualquiera de los Contenidos (y todos y cada uno de los elementos del mismo) y cualquier copia del mismo en todo el universo en todos y cada uno de los medios ahora conocidos o desarrollados en el futuro. No puede hacer nada que pueda perjudicar nuestros derechos, t\u00edtulo o inter\u00e9s en dicho Contenido.<\/p>\n<p style=\"text-align: center;\"><strong>Indemnizaci\u00f3n<\/strong><\/p>\n<p style=\"text-align: left;\">Usted acepta indemnizar, defender y eximir de responsabilidad, a su exclusivo cargo, a Nutradose, sus afiliados, subsidiarias y sus respectivos funcionarios, directores, empleados y agentes de cualquier reclamo o acci\u00f3n presentada por un tercero en relaci\u00f3n con su uso del Sitio o su incumplimiento de los T\u00e9rminos y Condiciones.<\/p>\n<p style=\"text-align: center;\"><strong>Provisiones generales<\/strong><\/p>\n<p>Estas p\u00e1ginas web son controladas y operadas por Nutradose en los Estados Unidos. Nutradose no garantiza que el Contenido de estas p\u00e1ginas sea apropiado o est\u00e9 disponible para su uso en otros lugares o que este Sitio cumpla con las leyes aplicables fuera de los Estados Unidos. Quienes decidan acceder a estas p\u00e1ginas desde lugares fuera de los Estados Unidos lo hacen bajo su propia iniciativa y riesgo, y son los \u00fanicos responsables del cumplimiento de las leyes locales.<br>Estos T\u00e9rminos y condiciones y otras pol\u00edticas de este Sitio se regir\u00e1n e interpretar\u00e1n de conformidad con las leyes del Estado de Florida, sin respetar los principios de conflicto de leyes. Usted acepta expresamente que todas las reclamaciones, disputas y juicios que surjan de estos T\u00e9rminos y condiciones o en relaci\u00f3n con ellos se resolver\u00e1n o adjudicar\u00e1n en el condado de Miami-Dade, Florida.<\/p>\n<p style=\"text-align: center;\"><strong>Restricciones de Uso Territorial y Jurisdicci\u00f3n<\/strong><\/p>\n<p>Si alguna disposici\u00f3n de estos T\u00e9rminos y condiciones fuera ilegal, nula o por alg\u00fan motivo inaplicable, dicha disposici\u00f3n se considerar\u00e1 separada de estos T\u00e9rminos y condiciones y no afectar\u00e1 la validez y aplicabilidad de las disposiciones restantes.<\/p>\n<p>Ninguna renuncia a ninguno de estos T\u00e9rminos y condiciones se considerar\u00e1 una renuncia adicional o continua de dicho t\u00e9rmino o condici\u00f3n o cualquier otro t\u00e9rmino o condici\u00f3n. Estos t\u00e9rminos y condiciones no otorgan ni tienen la intenci\u00f3n de conferir ning\u00fan derecho o recurso a ninguna otra persona que no sea usted. Por favor revise nuestras otras pol\u00edticas publicadas en este Sitio. Estas pol\u00edticas tambi\u00e9n rigen su visita a glutadose.com.<br>No seremos responsables ante usted, ni se considerar\u00e1 que hemos incumplido o violado estos T\u00e9rminos y condiciones, o cualquier otro t\u00e9rmino en cualquier otra pol\u00edtica publicada en este Sitio, por cualquier falla o retraso en nuestro desempe\u00f1o cuando y en la medida en que tal la falla o el retraso es causado o resulta de actos o circunstancias fuera de nuestro control razonable, incluidos, entre otros, actos de Dios, inundaciones, incendios, terremotos, explosiones, acciones gubernamentales, guerra, invasi\u00f3n u hostilidades (ya sea que se declare la guerra o no) , amenazas o actos terroristas, disturbios u otros disturbios civiles, emergencia nacional, revoluci\u00f3n, insurrecci\u00f3n, epidemia, cierres patronales, huelgas u otros conflictos laborales (ya sea que se relacionen o no con nuestra fuerza laboral), o restricciones o demoras que afecten a los transportistas o incapacidad o demora en obtener suministros de materiales adecuados o apropiados, aver\u00eda de materiales o telecomunicaciones o corte de energ\u00eda.<br>Usted acepta cumplir con todas las leyes y reglamentos aplicables de los distintos estados y de los Estados Unidos. Usted declara y garantiza que est\u00e1 comprando productos del Sitio \u00fanicamente para su uso personal o dom\u00e9stico, y no para su reventa o exportaci\u00f3n.<\/p>\n<p>Nos reservamos el derecho de realizar cambios en nuestro Sitio, pol\u00edticas y estos T\u00e9rminos y Condiciones en cualquier momento. Ninguna enmienda o modificaci\u00f3n de estos T\u00e9rminos y condiciones o de nuestras otras pol\u00edticas ser\u00e1 v\u00e1lida a menos que Nutradose lo acuerde por escrito.<\/p>\n<p><\/p>\n<p><\/p>\n<p><\/p>\t\t\t\t\t\t\t\t<\/div>\n\t\t\t\t\t<\/div>\n\t\t<\/div>\n\t\t\t\t\t<\/div>\n\t\t<\/section>\n\t\t\t\t<\/div>\n\t\t","protected":false},"excerpt":{"rendered":"<p>T\u00e9rminos y condiciones Bienvenido a glutadose.com. Este sitio es propiedad y est\u00e1 operado por Nutradose Labs, LLC (&#8220;Nutradose&#8221;), una compa\u00f1\u00eda de responsabilidad limitada de Florida. Este sitio (incluidos los sitios Nutradose relacionados vinculados al sitio) (colectivamente, el &#8220;Sitio&#8221;) es para su uso e informaci\u00f3n personal. Por favor, si\u00e9ntase libre de navegar por el sitio; sin [&hellip;]<\/p>\n","protected":false},"author":1,"featured_media":0,"parent":0,"menu_order":0,"comment_status":"closed","ping_status":"closed","template":"elementor_header_footer","meta":{"_acf_changed":false,"footnotes":""},"class_list":["post-2970","page","type-page","status-publish","hentry"],"acf":[],"yoast_head":"<!-- This site is optimized with the Yoast SEO plugin v27.4 - https:\/\/yoast.com\/product\/yoast-seo-wordpress\/ -->\n<title>T\u00e9rminos de Uso &#8211; GlutaDose<\/title>\n<meta name=\"description\" content=\"Bienvenido a glutadose.com. Este sitio es propiedad y est\u00e1 operado por Nutradose Labs, LLC, una compa\u00f1\u00eda de responsabilidad limitada de Florida. Este sitio es para su uso e informaci\u00f3n personal.\" \/>\n<meta name=\"robots\" content=\"index, follow, max-snippet:-1, max-image-preview:large, max-video-preview:-1\" \/>\n<link rel=\"canonical\" href=\"https:\/\/glutadose.com\/es\/terms-of-use\/\" \/>\n<meta property=\"og:locale\" content=\"es_ES\" \/>\n<meta property=\"og:type\" content=\"article\" \/>\n<meta property=\"og:title\" content=\"T\u00e9rminos de Uso &#8211; GlutaDose\" \/>\n<meta property=\"og:description\" content=\"Bienvenido a glutadose.com. Este sitio es propiedad y est\u00e1 operado por Nutradose Labs, LLC, una compa\u00f1\u00eda de responsabilidad limitada de Florida. Este sitio es para su uso e informaci\u00f3n personal.\" \/>\n<meta property=\"og:url\" content=\"https:\/\/glutadose.com\/es\/terms-of-use\/\" \/>\n<meta property=\"og:site_name\" content=\"GlutaDose\" \/>\n<meta property=\"article:publisher\" content=\"https:\/\/www.facebook.com\/glutadose\/\" \/>\n<meta property=\"article:modified_time\" content=\"2023-09-22T14:02:47+00:00\" \/>\n<meta property=\"og:image\" content=\"https:\/\/glutadose.com\/wp-content\/uploads\/2022\/02\/2-layers@2x-1-2.png\" \/>\n\t<meta property=\"og:image:width\" content=\"1500\" \/>\n\t<meta property=\"og:image:height\" content=\"1056\" \/>\n\t<meta property=\"og:image:type\" content=\"image\/png\" \/>\n<meta name=\"twitter:card\" content=\"summary_large_image\" \/>\n<meta name=\"twitter:label1\" content=\"Tiempo de lectura\" \/>\n\t<meta name=\"twitter:data1\" content=\"9 minutos\" \/>\n<!-- \/ Yoast SEO plugin. -->","yoast_head_json":{"title":"T\u00e9rminos de Uso &#8211; GlutaDose","description":"Bienvenido a glutadose.com. Este sitio es propiedad y est\u00e1 operado por Nutradose Labs, LLC, una compa\u00f1\u00eda de responsabilidad limitada de Florida. Este sitio es para su uso e informaci\u00f3n personal.","robots":{"index":"index","follow":"follow","max-snippet":"max-snippet:-1","max-image-preview":"max-image-preview:large","max-video-preview":"max-video-preview:-1"},"canonical":"https:\/\/glutadose.com\/es\/terms-of-use\/","og_locale":"es_ES","og_type":"article","og_title":"T\u00e9rminos de Uso &#8211; GlutaDose","og_description":"Bienvenido a glutadose.com. Este sitio es propiedad y est\u00e1 operado por Nutradose Labs, LLC, una compa\u00f1\u00eda de responsabilidad limitada de Florida. Este sitio es para su uso e informaci\u00f3n personal.","og_url":"https:\/\/glutadose.com\/es\/terms-of-use\/","og_site_name":"GlutaDose","article_publisher":"https:\/\/www.facebook.com\/glutadose\/","article_modified_time":"2023-09-22T14:02:47+00:00","og_image":[{"width":1500,"height":1056,"url":"https:\/\/glutadose.com\/wp-content\/uploads\/2022\/02\/2-layers@2x-1-2.png","type":"image\/png"}],"twitter_card":"summary_large_image","twitter_misc":{"Tiempo de lectura":"9 minutos"},"schema":{"@context":"https:\/\/schema.org","@graph":[{"@type":"WebPage","@id":"https:\/\/glutadose.com\/es\/terms-of-use\/","url":"https:\/\/glutadose.com\/es\/terms-of-use\/","name":"T\u00e9rminos de Uso &#8211; GlutaDose","isPartOf":{"@id":"https:\/\/glutadose.com\/es\/#website"},"datePublished":"2021-08-17T00:34:23+00:00","dateModified":"2023-09-22T14:02:47+00:00","description":"Bienvenido a glutadose.com. Este sitio es propiedad y est\u00e1 operado por Nutradose Labs, LLC, una compa\u00f1\u00eda de responsabilidad limitada de Florida. Este sitio es para su uso e informaci\u00f3n personal.","breadcrumb":{"@id":"https:\/\/glutadose.com\/es\/terms-of-use\/#breadcrumb"},"inLanguage":"es","potentialAction":[{"@type":"ReadAction","target":["https:\/\/glutadose.com\/es\/terms-of-use\/"]}]},{"@type":"BreadcrumbList","@id":"https:\/\/glutadose.com\/es\/terms-of-use\/#breadcrumb","itemListElement":[{"@type":"ListItem","position":1,"name":"Home","item":"https:\/\/glutadose.com\/es\/glutadose-wellness\/"},{"@type":"ListItem","position":2,"name":"T\u00e9rminos de Uso"}]},{"@type":"WebSite","@id":"https:\/\/glutadose.com\/es\/#website","url":"https:\/\/glutadose.com\/es\/","name":"GlutaDose","description":"Glutathione Supplement Drops","publisher":{"@id":"https:\/\/glutadose.com\/es\/#organization"},"potentialAction":[{"@type":"SearchAction","target":{"@type":"EntryPoint","urlTemplate":"https:\/\/glutadose.com\/es\/?s={search_term_string}"},"query-input":{"@type":"PropertyValueSpecification","valueRequired":true,"valueName":"search_term_string"}}],"inLanguage":"es"},{"@type":"Organization","@id":"https:\/\/glutadose.com\/es\/#organization","name":"GlutaDose","url":"https:\/\/glutadose.com\/es\/","logo":{"@type":"ImageObject","inLanguage":"es","@id":"https:\/\/glutadose.com\/es\/#\/schema\/logo\/image\/","url":"https:\/\/glutadose.com\/wp-content\/uploads\/2022\/02\/10-layers.svg","contentUrl":"https:\/\/glutadose.com\/wp-content\/uploads\/2022\/02\/10-layers.svg","width":226,"height":38,"caption":"GlutaDose"},"image":{"@id":"https:\/\/glutadose.com\/es\/#\/schema\/logo\/image\/"},"sameAs":["https:\/\/www.facebook.com\/glutadose\/","https:\/\/www.instagram.com\/realglutadose\/"]}]}},"_links":{"self":[{"href":"https:\/\/glutadose.com\/es\/wp-json\/wp\/v2\/pages\/2970","targetHints":{"allow":["GET"]}}],"collection":[{"href":"https:\/\/glutadose.com\/es\/wp-json\/wp\/v2\/pages"}],"about":[{"href":"https:\/\/glutadose.com\/es\/wp-json\/wp\/v2\/types\/page"}],"author":[{"embeddable":true,"href":"https:\/\/glutadose.com\/es\/wp-json\/wp\/v2\/users\/1"}],"replies":[{"embeddable":true,"href":"https:\/\/glutadose.com\/es\/wp-json\/wp\/v2\/comments?post=2970"}],"version-history":[{"count":0,"href":"https:\/\/glutadose.com\/es\/wp-json\/wp\/v2\/pages\/2970\/revisions"}],"wp:attachment":[{"href":"https:\/\/glutadose.com\/es\/wp-json\/wp\/v2\/media?parent=2970"}],"curies":[{"name":"wp","href":"https:\/\/api.w.org\/{rel}","templated":true}]}}