{"id":2951,"date":"2021-04-26T20:10:11","date_gmt":"2021-04-27T01:10:11","guid":{"rendered":"https:\/\/glutadose.com\/mi-cuenta\/"},"modified":"2023-09-22T09:02:35","modified_gmt":"2023-09-22T14:02:35","slug":"my-account","status":"publish","type":"page","link":"https:\/\/glutadose.com\/es\/my-account\/","title":{"rendered":"Mi cuenta"},"content":{"rendered":"<div class=\"woocommerce\"><\/div>\n","protected":false},"excerpt":{"rendered":"","protected":false},"author":1,"featured_media":0,"parent":0,"menu_order":0,"comment_status":"closed","ping_status":"closed","template":"","meta":{"_acf_changed":false,"footnotes":""},"class_list":["post-2951","page","type-page","status-publish","hentry"],"acf":[],"yoast_head":"<!-- This site is optimized with the Yoast SEO plugin v27.4 - https:\/\/yoast.com\/product\/yoast-seo-wordpress\/ -->\n<title>Mi cuenta &#8211; GlutaDose<\/title>\n<meta name=\"description\" content=\"Inicia sesi\u00f3n de forma segura en tu cuenta de GlutaDose y administra tus pedidos y suscripciones; cambia tu contrase\u00f1a y direcci\u00f3n.\" \/>\n<meta name=\"robots\" content=\"index, follow, max-snippet:-1, max-image-preview:large, max-video-preview:-1\" \/>\n<link rel=\"canonical\" href=\"https:\/\/glutadose.com\/es\/my-account\/\" \/>\n<meta property=\"og:locale\" content=\"es_ES\" \/>\n<meta property=\"og:type\" content=\"article\" \/>\n<meta property=\"og:title\" content=\"Mi cuenta &#8211; GlutaDose\" \/>\n<meta property=\"og:description\" content=\"Inicia sesi\u00f3n de forma segura en tu cuenta de GlutaDose y administra tus pedidos y suscripciones; cambia tu contrase\u00f1a y direcci\u00f3n.\" \/>\n<meta property=\"og:url\" content=\"https:\/\/glutadose.com\/es\/my-account\/\" \/>\n<meta property=\"og:site_name\" content=\"GlutaDose\" \/>\n<meta property=\"article:publisher\" content=\"https:\/\/www.facebook.com\/glutadose\/\" \/>\n<meta property=\"article:modified_time\" content=\"2023-09-22T14:02:35+00:00\" \/>\n<meta property=\"og:image\" content=\"https:\/\/glutadose.com\/wp-content\/uploads\/2022\/02\/2-layers@2x-1-2.png\" \/>\n\t<meta property=\"og:image:width\" content=\"1500\" \/>\n\t<meta property=\"og:image:height\" content=\"1056\" \/>\n\t<meta property=\"og:image:type\" content=\"image\/png\" \/>\n<meta name=\"twitter:card\" content=\"summary_large_image\" \/>\n<!-- \/ Yoast SEO plugin. -->","yoast_head_json":{"title":"Mi cuenta &#8211; GlutaDose","description":"Inicia sesi\u00f3n de forma segura en tu cuenta de GlutaDose y administra tus pedidos y suscripciones; cambia tu contrase\u00f1a y direcci\u00f3n.","robots":{"index":"index","follow":"follow","max-snippet":"max-snippet:-1","max-image-preview":"max-image-preview:large","max-video-preview":"max-video-preview:-1"},"canonical":"https:\/\/glutadose.com\/es\/my-account\/","og_locale":"es_ES","og_type":"article","og_title":"Mi cuenta &#8211; GlutaDose","og_description":"Inicia sesi\u00f3n de forma segura en tu cuenta de GlutaDose y administra tus pedidos y suscripciones; cambia tu contrase\u00f1a y direcci\u00f3n.","og_url":"https:\/\/glutadose.com\/es\/my-account\/","og_site_name":"GlutaDose","article_publisher":"https:\/\/www.facebook.com\/glutadose\/","article_modified_time":"2023-09-22T14:02:35+00:00","og_image":[{"width":1500,"height":1056,"url":"https:\/\/glutadose.com\/wp-content\/uploads\/2022\/02\/2-layers@2x-1-2.png","type":"image\/png"}],"twitter_card":"summary_large_image","schema":{"@context":"https:\/\/schema.org","@graph":[{"@type":"WebPage","@id":"https:\/\/glutadose.com\/es\/my-account\/","url":"https:\/\/glutadose.com\/es\/my-account\/","name":"Mi cuenta &#8211; GlutaDose","isPartOf":{"@id":"https:\/\/glutadose.com\/es\/#website"},"datePublished":"2021-04-27T01:10:11+00:00","dateModified":"2023-09-22T14:02:35+00:00","description":"Inicia sesi\u00f3n de forma segura en tu cuenta de GlutaDose y administra tus pedidos y suscripciones; cambia tu contrase\u00f1a y direcci\u00f3n.","breadcrumb":{"@id":"https:\/\/glutadose.com\/es\/my-account\/#breadcrumb"},"inLanguage":"es","potentialAction":[{"@type":"ReadAction","target":["https:\/\/glutadose.com\/es\/my-account\/"]}]},{"@type":"BreadcrumbList","@id":"https:\/\/glutadose.com\/es\/my-account\/#breadcrumb","itemListElement":[{"@type":"ListItem","position":1,"name":"Home","item":"https:\/\/glutadose.com\/es\/glutadose-wellness\/"},{"@type":"ListItem","position":2,"name":"Mi cuenta"}]},{"@type":"WebSite","@id":"https:\/\/glutadose.com\/es\/#website","url":"https:\/\/glutadose.com\/es\/","name":"GlutaDose","description":"Glutathione Supplement Drops","publisher":{"@id":"https:\/\/glutadose.com\/es\/#organization"},"potentialAction":[{"@type":"SearchAction","target":{"@type":"EntryPoint","urlTemplate":"https:\/\/glutadose.com\/es\/?s={search_term_string}"},"query-input":{"@type":"PropertyValueSpecification","valueRequired":true,"valueName":"search_term_string"}}],"inLanguage":"es"},{"@type":"Organization","@id":"https:\/\/glutadose.com\/es\/#organization","name":"GlutaDose","url":"https:\/\/glutadose.com\/es\/","logo":{"@type":"ImageObject","inLanguage":"es","@id":"https:\/\/glutadose.com\/es\/#\/schema\/logo\/image\/","url":"https:\/\/glutadose.com\/wp-content\/uploads\/2022\/02\/10-layers.svg","contentUrl":"https:\/\/glutadose.com\/wp-content\/uploads\/2022\/02\/10-layers.svg","width":226,"height":38,"caption":"GlutaDose"},"image":{"@id":"https:\/\/glutadose.com\/es\/#\/schema\/logo\/image\/"},"sameAs":["https:\/\/www.facebook.com\/glutadose\/","https:\/\/www.instagram.com\/realglutadose\/"]}]}},"_links":{"self":[{"href":"https:\/\/glutadose.com\/es\/wp-json\/wp\/v2\/pages\/2951","targetHints":{"allow":["GET"]}}],"collection":[{"href":"https:\/\/glutadose.com\/es\/wp-json\/wp\/v2\/pages"}],"about":[{"href":"https:\/\/glutadose.com\/es\/wp-json\/wp\/v2\/types\/page"}],"author":[{"embeddable":true,"href":"https:\/\/glutadose.com\/es\/wp-json\/wp\/v2\/users\/1"}],"replies":[{"embeddable":true,"href":"https:\/\/glutadose.com\/es\/wp-json\/wp\/v2\/comments?post=2951"}],"version-history":[{"count":0,"href":"https:\/\/glutadose.com\/es\/wp-json\/wp\/v2\/pages\/2951\/revisions"}],"wp:attachment":[{"href":"https:\/\/glutadose.com\/es\/wp-json\/wp\/v2\/media?parent=2951"}],"curies":[{"name":"wp","href":"https:\/\/api.w.org\/{rel}","templated":true}]}}